{"id":985,"date":"2021-06-25T17:17:12","date_gmt":"2021-06-25T15:17:12","guid":{"rendered":"https:www.wd2023.org\/faqs-2\/"},"modified":"2023-06-26T15:57:26","modified_gmt":"2023-06-26T19:57:26","slug":"faqs","status":"publish","type":"page","link":"https:\/\/wd2023.org\/es\/faqs\/","title":{"rendered":"Preguntas Frecuentes"},"content":{"rendered":"<p>\u00bfAlguna <strong>PREGUNTA? <\/strong><br \/>\nAqu\u00ed est\u00e1n algunas de las preguntas m\u00e1s frecuentes.<\/p>\n","protected":false},"excerpt":{"rendered":"<p>\u00bfAlguna PREGUNTA? Aqu\u00ed est\u00e1n algunas de las preguntas m\u00e1s frecuentes.<\/p>\n","protected":false},"author":1,"featured_media":2320,"parent":0,"menu_order":0,"comment_status":"closed","ping_status":"closed","template":"faqs.php","meta":{"footnotes":""},"acf":[],"aioseo_notices":[],"_links":{"self":[{"href":"https:\/\/wd2023.org\/es\/wp-json\/wp\/v2\/pages\/985"}],"collection":[{"href":"https:\/\/wd2023.org\/es\/wp-json\/wp\/v2\/pages"}],"about":[{"href":"https:\/\/wd2023.org\/es\/wp-json\/wp\/v2\/types\/page"}],"author":[{"embeddable":true,"href":"https:\/\/wd2023.org\/es\/wp-json\/wp\/v2\/users\/1"}],"replies":[{"embeddable":true,"href":"https:\/\/wd2023.org\/es\/wp-json\/wp\/v2\/comments?post=985"}],"version-history":[{"count":37,"href":"https:\/\/wd2023.org\/es\/wp-json\/wp\/v2\/pages\/985\/revisions"}],"predecessor-version":[{"id":10076,"href":"https:\/\/wd2023.org\/es\/wp-json\/wp\/v2\/pages\/985\/revisions\/10076"}],"wp:featuredmedia":[{"embeddable":true,"href":"https:\/\/wd2023.org\/es\/wp-json\/wp\/v2\/media\/2320"}],"wp:attachment":[{"href":"https:\/\/wd2023.org\/es\/wp-json\/wp\/v2\/media?parent=985"}],"curies":[{"name":"wp","href":"https:\/\/api.w.org\/{rel}","templated":true}]}}