{"id":1007,"date":"2020-07-15T09:43:32","date_gmt":"2020-07-15T07:43:32","guid":{"rendered":"https:www.wd2023.org\/survey\/"},"modified":"2021-06-29T19:56:09","modified_gmt":"2021-06-29T17:56:09","slug":"survey","status":"publish","type":"page","link":"https:\/\/wd2023.org\/fr\/survey\/","title":{"rendered":"Enqu\u00eate"},"content":{"rendered":"<p><strong><span class=\"section_descr_in\">AIDEZ<\/span><\/strong> \u00e0 fa\u00e7onner la conf\u00e9rence Women Deliver 2023 !<br \/>\nQuels sujets, conf\u00e9renciers et impact voulez-vous voir ?<\/p>\n","protected":false},"excerpt":{"rendered":"<p>AIDEZ \u00e0 fa\u00e7onner la conf\u00e9rence Women Deliver 2023 ! Quels sujets, conf\u00e9renciers et impact voulez-vous voir ?<\/p>\n","protected":false},"author":1,"featured_media":0,"parent":0,"menu_order":0,"comment_status":"closed","ping_status":"closed","template":"","meta":{"footnotes":""},"acf":[],"aioseo_notices":[],"_links":{"self":[{"href":"https:\/\/wd2023.org\/fr\/wp-json\/wp\/v2\/pages\/1007"}],"collection":[{"href":"https:\/\/wd2023.org\/fr\/wp-json\/wp\/v2\/pages"}],"about":[{"href":"https:\/\/wd2023.org\/fr\/wp-json\/wp\/v2\/types\/page"}],"author":[{"embeddable":true,"href":"https:\/\/wd2023.org\/fr\/wp-json\/wp\/v2\/users\/1"}],"replies":[{"embeddable":true,"href":"https:\/\/wd2023.org\/fr\/wp-json\/wp\/v2\/comments?post=1007"}],"version-history":[{"count":1,"href":"https:\/\/wd2023.org\/fr\/wp-json\/wp\/v2\/pages\/1007\/revisions"}],"predecessor-version":[{"id":1062,"href":"https:\/\/wd2023.org\/fr\/wp-json\/wp\/v2\/pages\/1007\/revisions\/1062"}],"wp:attachment":[{"href":"https:\/\/wd2023.org\/fr\/wp-json\/wp\/v2\/media?parent=1007"}],"curies":[{"name":"wp","href":"https:\/\/api.w.org\/{rel}","templated":true}]}}