{"id":988,"date":"2020-07-15T09:42:57","date_gmt":"2020-07-15T07:42:57","guid":{"rendered":"https:www.wd2023.org\/history\/"},"modified":"2022-07-14T11:27:32","modified_gmt":"2022-07-14T15:27:32","slug":"history","status":"publish","type":"page","link":"https:\/\/wd2023.org\/fr\/history\/","title":{"rendered":"Historique"},"content":{"rendered":"<p>Tous les trois ans, la Conf\u00e9rence Women Deliver acc\u00e9l\u00e8re les avanc\u00e9es vers l\u2019\u00e9galit\u00e9 des genres. Il s\u2019agit d\u2019un rassemblement audacieux et diversifi\u00e9, une station d\u2019approvisionnement en id\u00e9es et un g\u00e9n\u00e9rateur d\u2019actions o\u00f9 des milliers de personnes se retrouvent pour identifier des solutions et faire advenir les changements pour les filles et les femmes.<\/p>\n","protected":false},"excerpt":{"rendered":"<p>Tous les trois ans, la Conf\u00e9rence Women Deliver acc\u00e9l\u00e8re les avanc\u00e9es vers l\u2019\u00e9galit\u00e9 des genres. Il s\u2019agit d\u2019un rassemblement audacieux et diversifi\u00e9, une station d\u2019approvisionnement en id\u00e9es et un g\u00e9n\u00e9rateur d\u2019actions o\u00f9 des milliers de personnes se retrouvent pour identifier des solutions et faire advenir les changements pour les filles et les femmes.<\/p>\n","protected":false},"author":1,"featured_media":0,"parent":0,"menu_order":0,"comment_status":"closed","ping_status":"closed","template":"history.php","meta":{"footnotes":""},"acf":[],"aioseo_notices":[],"_links":{"self":[{"href":"https:\/\/wd2023.org\/fr\/wp-json\/wp\/v2\/pages\/988"}],"collection":[{"href":"https:\/\/wd2023.org\/fr\/wp-json\/wp\/v2\/pages"}],"about":[{"href":"https:\/\/wd2023.org\/fr\/wp-json\/wp\/v2\/types\/page"}],"author":[{"embeddable":true,"href":"https:\/\/wd2023.org\/fr\/wp-json\/wp\/v2\/users\/1"}],"replies":[{"embeddable":true,"href":"https:\/\/wd2023.org\/fr\/wp-json\/wp\/v2\/comments?post=988"}],"version-history":[{"count":5,"href":"https:\/\/wd2023.org\/fr\/wp-json\/wp\/v2\/pages\/988\/revisions"}],"predecessor-version":[{"id":3840,"href":"https:\/\/wd2023.org\/fr\/wp-json\/wp\/v2\/pages\/988\/revisions\/3840"}],"wp:attachment":[{"href":"https:\/\/wd2023.org\/fr\/wp-json\/wp\/v2\/media?parent=988"}],"curies":[{"name":"wp","href":"https:\/\/api.w.org\/{rel}","templated":true}]}}